{"id":159,"date":"2018-03-17T19:23:45","date_gmt":"2018-03-17T18:23:45","guid":{"rendered":"http:\/\/blog.turistica.si\/inotez\/?page_id=159"},"modified":"2018-03-17T19:23:45","modified_gmt":"2018-03-17T18:23:45","slug":"piskotki","status":"publish","type":"page","link":"https:\/\/blog.turistica.si\/inotez\/piskotki\/","title":{"rendered":"Pi\u0161kotki"},"content":{"rendered":"<div class=\"enigma_blog_full\">\n<div class=\"enigma_blog_post_content\">\n<p><strong>Na spletni strani uporabljamo pi\u0161kotke, ki omogo\u010dajo bolj\u0161e delovanje strani.<\/strong><\/p>\n<p>Pi\u0161kotki omogo\u010dajo spremljanje \u0161tevila obiskovalcev spletne strani, primerjavo novih in predhodnih obiskovalcev, razkrijejo pa nam tudi, kako obiskovalci uporabljajo na\u0161o stran. \u010ce ne dovolite uporabe pi\u0161kotkov, nastavite svoj ra\u010dunalnik tako, da izbri\u0161e vse pi\u0161kotke spletnih strani in\/ali vas opozori, preden se pi\u0161kotek shrani na disk.<\/p>\n<p><strong>Vrste pi\u0161kotkov na na\u0161i spletni strani:<\/strong><\/p>\n<ul>\n<li title=\"\" data-original-title=\"\">pi\u0161kotki\u00a0WordPress-a in njegovih vti\u010dnikov (Akismet, Cookie Law Info, Jetpack by WordPress.com, WP Edit) ter teme (Hoot Ubix)<\/li>\n<li title=\"\" data-original-title=\"\">pi\u0161kotki\u00a0Google Analytics-a<\/li>\n<\/ul>\n<p><strong>Ve\u010d informacij:<br \/>\n<\/strong><\/p>\n<ul>\n<li title=\"\" data-original-title=\"\"><a href=\"https:\/\/www.ip-rs.si\/novice\/detajl\/informacijski-pooblascenec-izdal-smernice-glede-uporabe-piskotkov\" target=\"_blank\" rel=\"noopener\">Sporo\u010dilo informacijskega poobla\u0161\u010denca<\/a><\/li>\n<li title=\"\" data-original-title=\"\"><a href=\"http:\/\/eur-lex.europa.eu\/LexUriServ\/LexUriServ.do?uri=CELEX:32002L0058:SL:NOT\" target=\"_blank\" rel=\"noopener\">Direktiva 2002\/58\/ES o obdelavi osebnih podatkov in varstvu zasebnosti na podro\u010dju elektronskih komunikacij<\/a><\/li>\n<li title=\"\" data-original-title=\"\"><a href=\"http:\/\/piskotki.net\/preveri-piskotke\" target=\"_blank\" rel=\"noopener\">Kako preverim pi\u0161kotke?<\/a><\/li>\n<\/ul>\n<\/div>\n<\/div>\n","protected":false},"excerpt":{"rendered":"<p>Na spletni strani uporabljamo pi\u0161kotke, ki omogo\u010dajo bolj\u0161e delovanje strani. Pi\u0161kotki omogo\u010dajo spremljanje \u0161tevila obiskovalcev spletne strani, primerjavo novih in predhodnih obiskovalcev, razkrijejo pa nam tudi, kako obiskovalci uporabljajo na\u0161o stran. \u010ce ne dovolite uporabe pi\u0161kotkov, nastavite svoj ra\u010dunalnik tako, da izbri\u0161e vse pi\u0161kotke spletnih strani in\/ali vas opozori, preden se pi\u0161kotek shrani na disk. Vrste pi\u0161kotkov na na\u0161i spletni strani: pi\u0161kotki\u00a0WordPress-a in njegovih vti\u010dnikov (Akismet, Cookie Law Info, Jetpack by WordPress.com, WP Edit) ter teme (Hoot Ubix) pi\u0161kotki\u00a0Google Analytics-a Ve\u010d informacij: Sporo\u010dilo informacijskega poobla\u0161\u010denca Direktiva 2002\/58\/ES o obdelavi osebnih podatkov in varstvu zasebnosti na podro\u010dju elektronskih komunikacij Kako preverim pi\u0161kotke?<\/p>\n","protected":false},"author":3,"featured_media":0,"parent":0,"menu_order":0,"comment_status":"closed","ping_status":"closed","template":"","meta":{"ngg_post_thumbnail":0,"jetpack_post_was_ever_published":false,"footnotes":""},"class_list":["entry","author-sarolta","post-159","page","type-page","status-publish"],"jetpack_sharing_enabled":true,"jetpack_shortlink":"https:\/\/wp.me\/P9LuxH-2z","jetpack_likes_enabled":true,"jetpack-related-posts":[],"_links":{"self":[{"href":"https:\/\/blog.turistica.si\/inotez\/wp-json\/wp\/v2\/pages\/159","targetHints":{"allow":["GET"]}}],"collection":[{"href":"https:\/\/blog.turistica.si\/inotez\/wp-json\/wp\/v2\/pages"}],"about":[{"href":"https:\/\/blog.turistica.si\/inotez\/wp-json\/wp\/v2\/types\/page"}],"author":[{"embeddable":true,"href":"https:\/\/blog.turistica.si\/inotez\/wp-json\/wp\/v2\/users\/3"}],"replies":[{"embeddable":true,"href":"https:\/\/blog.turistica.si\/inotez\/wp-json\/wp\/v2\/comments?post=159"}],"version-history":[{"count":1,"href":"https:\/\/blog.turistica.si\/inotez\/wp-json\/wp\/v2\/pages\/159\/revisions"}],"predecessor-version":[{"id":161,"href":"https:\/\/blog.turistica.si\/inotez\/wp-json\/wp\/v2\/pages\/159\/revisions\/161"}],"wp:attachment":[{"href":"https:\/\/blog.turistica.si\/inotez\/wp-json\/wp\/v2\/media?parent=159"}],"curies":[{"name":"wp","href":"https:\/\/api.w.org\/{rel}","templated":true}]}}