{"id":1676,"date":"2020-10-10T21:11:56","date_gmt":"2020-10-10T19:11:56","guid":{"rendered":"http:\/\/blog.turistica.si\/inotez\/?page_id=1676"},"modified":"2020-10-10T21:11:56","modified_gmt":"2020-10-10T19:11:56","slug":"abc-ld","status":"publish","type":"page","link":"https:\/\/blog.turistica.si\/inotez\/o-projektu\/rezultati\/abc-ld\/","title":{"rendered":"ABC LD"},"content":{"rendered":"<p>V okviru projekta InoTeZ smo prevedli in priredili tudi gradiva ABC Learning Design Toolkit, ki sta jih pripravila Clive Young in Nata\u0161a Perovi\u0107. Gradiva ABC LD omogo\u010dajo vizualizacijo u\u010dnega procesa. Tako se z njihovo pomo\u010djo la\u017eje osredoto\u010dimo na \u0161tudente in na njihovo u\u010denje, kar olaj\u0161a na\u010drtovanje kombinirane izvedbe predmetov.<\/p>\n<ul>\n<li><a href=\"https:\/\/blog.turistica.si\/inotez\/wp-content\/uploads\/sites\/4\/2020\/10\/ABC_LD_vizualizacijsko_namizje-si.pdf\">Vizualizacijsko namizje ABC LD<\/a><\/li>\n<li><a href=\"https:\/\/blog.turistica.si\/inotez\/wp-content\/uploads\/sites\/4\/2020\/10\/ABC_LD_kartice_si.pdf\">U\u010dne kartice ABC LD<\/a><\/li>\n<li><a href=\"https:\/\/blog.turistica.si\/inotez\/wp-content\/uploads\/sites\/4\/2020\/10\/ABC_LD_informacije_o_predmetu-si.pdf\">Informacije o predmetu<\/a><\/li>\n<li><a href=\"https:\/\/blog.turistica.si\/inotez\/wp-content\/uploads\/sites\/4\/2020\/10\/ABC_LD_akcijski_nacrt-si.pdf\">Akcijski na\u010drt ABC LD<\/a><\/li>\n<li><a href=\"https:\/\/blog.turistica.si\/inotez\/wp-content\/uploads\/sites\/4\/2020\/10\/ABC_LD_dodatne_spletne_dejavnosti-si.pdf\">Dodatne spletne dejavnosti<\/a><\/li>\n<\/ul>\n<p>Vsa gradiva nosijo licenco CC-BY-NC-SA.<\/p>\n<p><img data-recalc-dims=\"1\" decoding=\"async\" data-attachment-id=\"1686\" data-permalink=\"https:\/\/blog.turistica.si\/inotez\/o-projektu\/rezultati\/abc-ld\/licenca\/\" data-orig-file=\"https:\/\/i0.wp.com\/blog.turistica.si\/inotez\/wp-content\/uploads\/sites\/4\/2020\/10\/Licenca.png?fit=324%2C113&amp;ssl=1\" data-orig-size=\"324,113\" data-comments-opened=\"0\" data-image-meta=\"{&quot;aperture&quot;:&quot;0&quot;,&quot;credit&quot;:&quot;&quot;,&quot;camera&quot;:&quot;&quot;,&quot;caption&quot;:&quot;&quot;,&quot;created_timestamp&quot;:&quot;0&quot;,&quot;copyright&quot;:&quot;&quot;,&quot;focal_length&quot;:&quot;0&quot;,&quot;iso&quot;:&quot;0&quot;,&quot;shutter_speed&quot;:&quot;0&quot;,&quot;title&quot;:&quot;&quot;,&quot;orientation&quot;:&quot;0&quot;}\" data-image-title=\"Licenca\" data-image-description=\"\" data-image-caption=\"\" data-medium-file=\"https:\/\/i0.wp.com\/blog.turistica.si\/inotez\/wp-content\/uploads\/sites\/4\/2020\/10\/Licenca.png?fit=300%2C105&amp;ssl=1\" data-large-file=\"https:\/\/i0.wp.com\/blog.turistica.si\/inotez\/wp-content\/uploads\/sites\/4\/2020\/10\/Licenca.png?fit=324%2C113&amp;ssl=1\" class=\"wp-image-1686 alignnone\" src=\"https:\/\/i0.wp.com\/blog.turistica.si\/inotez\/wp-content\/uploads\/sites\/4\/2020\/10\/Licenca.png?resize=95%2C33&#038;ssl=1\" alt=\"\" width=\"95\" height=\"33\" srcset=\"https:\/\/i0.wp.com\/blog.turistica.si\/inotez\/wp-content\/uploads\/sites\/4\/2020\/10\/Licenca.png?w=324&amp;ssl=1 324w, https:\/\/i0.wp.com\/blog.turistica.si\/inotez\/wp-content\/uploads\/sites\/4\/2020\/10\/Licenca.png?resize=300%2C105&amp;ssl=1 300w\" sizes=\"(max-width: 95px) 100vw, 95px\" \/>&nbsp;<\/p>\n<p>&nbsp;<\/p>\n<p>Ve\u010d o projektu ABC LD lahko preberete na spletni strani <a href=\"https:\/\/abc-ld.org\">https:\/\/abc-ld.org<\/a>.<\/p>\n","protected":false},"excerpt":{"rendered":"<p>V okviru projekta InoTeZ smo prevedli in priredili tudi gradiva ABC Learning Design Toolkit, ki sta jih pripravila Clive Young in Nata\u0161a Perovi\u0107. Gradiva ABC LD omogo\u010dajo vizualizacijo u\u010dnega procesa. Tako se z njihovo pomo\u010djo la\u017eje osredoto\u010dimo na \u0161tudente in na njihovo u\u010denje, kar olaj\u0161a na\u010drtovanje kombinirane izvedbe predmetov. Vizualizacijsko namizje ABC LD U\u010dne kartice ABC LD Informacije o predmetu Akcijski na\u010drt ABC LD Dodatne spletne dejavnosti Vsa gradiva nosijo licenco CC-BY-NC-SA. &nbsp; &nbsp; Ve\u010d o projektu ABC LD lahko preberete na spletni strani https:\/\/abc-ld.org.<\/p>\n","protected":false},"author":3,"featured_media":1680,"parent":749,"menu_order":0,"comment_status":"closed","ping_status":"closed","template":"","meta":{"ngg_post_thumbnail":0,"jetpack_post_was_ever_published":false,"footnotes":""},"class_list":["entry","author-sarolta","post-1676","page","type-page","status-publish","has-post-thumbnail"],"jetpack_sharing_enabled":true,"jetpack_shortlink":"https:\/\/wp.me\/P9LuxH-r2","jetpack_likes_enabled":true,"jetpack-related-posts":[],"_links":{"self":[{"href":"https:\/\/blog.turistica.si\/inotez\/wp-json\/wp\/v2\/pages\/1676","targetHints":{"allow":["GET"]}}],"collection":[{"href":"https:\/\/blog.turistica.si\/inotez\/wp-json\/wp\/v2\/pages"}],"about":[{"href":"https:\/\/blog.turistica.si\/inotez\/wp-json\/wp\/v2\/types\/page"}],"author":[{"embeddable":true,"href":"https:\/\/blog.turistica.si\/inotez\/wp-json\/wp\/v2\/users\/3"}],"replies":[{"embeddable":true,"href":"https:\/\/blog.turistica.si\/inotez\/wp-json\/wp\/v2\/comments?post=1676"}],"version-history":[{"count":3,"href":"https:\/\/blog.turistica.si\/inotez\/wp-json\/wp\/v2\/pages\/1676\/revisions"}],"predecessor-version":[{"id":1687,"href":"https:\/\/blog.turistica.si\/inotez\/wp-json\/wp\/v2\/pages\/1676\/revisions\/1687"}],"up":[{"embeddable":true,"href":"https:\/\/blog.turistica.si\/inotez\/wp-json\/wp\/v2\/pages\/749"}],"wp:featuredmedia":[{"embeddable":true,"href":"https:\/\/blog.turistica.si\/inotez\/wp-json\/wp\/v2\/media\/1680"}],"wp:attachment":[{"href":"https:\/\/blog.turistica.si\/inotez\/wp-json\/wp\/v2\/media?parent=1676"}],"curies":[{"name":"wp","href":"https:\/\/api.w.org\/{rel}","templated":true}]}}